{"id":17,"date":"2024-02-07T14:04:49","date_gmt":"2024-02-07T13:04:49","guid":{"rendered":""},"modified":"2024-02-07T17:59:58","modified_gmt":"2024-02-07T16:59:58","slug":"agb","status":"publish","type":"page","link":"https:\/\/www.cbyte.at\/SMARTI-SHOP\/?page_id=17","title":{"rendered":"AGB"},"content":{"rendered":"<p>Alle wichtigen Informationen finden Sie in unseren allgemeinen Gesch\u00e4ftsbedingungen.<br>Stand: 07.01.2024<\/p><p><strong>Geltungsbereich<\/strong><\/p><p>Die nachfolgenden Allgemeinen Gesch\u00e4ftsbedingungen\u00a0<strong>(\u201eAGB\u201c)<\/strong>\u00a0gelten bei jeder schriftlichen,<br>telefonischen und Online-Bestellung auf\u00a0dem SMARTI Shop von CBYte IT Solution\u00a0in der zum Zeitpunkt der Bestellung abrufbaren Fassung. Alle Angebote und Aktionen im Online-Shop gelten nur solange der Vorrat reicht. Wir bitten um Verst\u00e4ndnis, dass die Abgabe nur in haushalts\u00fcblichen Mengen erfolgt.<\/p><p><br><strong>Widerrufsbelehrung<\/strong><\/p><p><em>Widerrufsrecht<\/em><br>Sie haben das Recht, binnen vierzehn Tagen ohne Angabe von Gr\u00fcnden diesen Vertrag zu widerrufen.<\/p><p><br>Die Widerrufsfrist betr\u00e4gt vierzehn Tage ab dem Tag an dem Sie oder ein von Ihnen benannter<br>Dritter, der nicht der Bef\u00f6rderer ist, die letzte Ware in Besitz genommen haben bzw. hat. Die Frist<br>beginnt jedoch nicht, bevor der Kaufvertrag durch Ihre Billigung des gekauften Gegenstandes f\u00fcr Sie<br>bindend geworden ist.<\/p><p>\u00a0<br>Um Ihr Widerrufsrecht auszu\u00fcben, m\u00fcssen Sie uns, CByte IT Solution, mittels einer eindeutigen Erkl\u00e4rung \u00fcber Ihren<br>Entschluss, diesen Vertrag zu widerrufen, informieren.<\/p><p><br>Zur Wahrung der Widerrufsfrist reicht es aus, dass Sie die Mitteilung \u00fcber die Aus\u00fcbung des<br>Widerrufsrechts vor Ablauf der Widerrufsfrist absenden.<\/p><p><em>Folgen des Widerrufs<\/em><br>Wenn Sie diesen Vertrag widerrufen, haben wir Ihnen alle Zahlungen, die wir von Ihnen erhalten<br>haben, ausschlie\u00dflich der Lieferkosten, unverz\u00fcglich und sp\u00e4testens binnen vierzehn Tagen ab dem Tag<br>zur\u00fcckzuzahlen, an dem die Ware wieder bei uns eingegangen ist.<br>F\u00fcr diese R\u00fcckzahlung verwenden wir dasselbe Zahlungsmittel, das Sie bei der urspr\u00fcnglichen<br>Transaktion eingesetzt haben, es sei denn, mit Ihnen wurde ausdr\u00fccklich etwas anderes vereinbart.<br>In keinem Fall werden Ihnen wegen dieser R\u00fcckzahlung Entgelte berechnet. Wir k\u00f6nnen die<br>R\u00fcckzahlung verweigern, bis wir die Waren wieder zur\u00fcckerhalten haben oder bis Sie den Nachweis<br>erbracht haben, dass Sie die Waren zur\u00fcckgesandt haben, je nachdem, welches der fr\u00fchere<br>Zeitpunkt ist.<\/p><p><br>Sie haben die Waren unverz\u00fcglich und in jedem Fall, sp\u00e4testens binnen vierzehn Tagen ab dem Tag,<br>an dem Sie uns \u00fcber den Widerruf dieses Vertrages unterrichten, an uns zur\u00fccksenden. Die Frist ist<br>gewahrt, wenn Sie die Waren vor Ablauf der Frist von vierzehn Tagen absenden. Sie tragen die<br>unmittelbaren Kosten der R\u00fccksendung der Ware.<\/p><p><br>Sie m\u00fcssen f\u00fcr einen etwaigen Wertverlust der Ware nur aufkommen, wenn dieser Wertverlust auf<br>einen zur Pr\u00fcfung der Beschaffenheit, Eigenschaften und Funktionsweise der Waren nicht<br>notwendigen Umgang mit ihnen zur\u00fcckzuf\u00fchren ist.<\/p><p><br><strong>Ausschluss\/Erl\u00f6schen des Widerrufsrechts<\/strong><\/p><p>Ein Widerrufsrecht besteht nicht bei Vertr\u00e4gen zur Lieferung von Waren,<br>die nicht vorgefertigt sind und f\u00fcr deren Herstellung eine individuelle Auswahl oder Bestimmung<br>durch den Verbraucher ma\u00dfgeblich ist oder die eindeutig auf die pers\u00f6nlichen Bed\u00fcrfnisse des<br>Verbrauchers zugeschnitten sind<\/p><p><br><strong>Vertragssprache<\/strong><\/p><p>Die Vertrags-, Bestell- und Gesch\u00e4ftssprache ist deutsch.<\/p><p><br><strong>Bestellung<\/strong><\/p><p>Die Pr\u00e4sentation von Waren in Druckerzeugnissen und im Internet (Onlineshop) stellt noch kein<br>verbindliches Vertragsangebot unsererseits dar und gilt nur, solange der Vorrat reicht. Der Vertrag<br>zwischen Ihnen und uns kommt erst durch ein Angebot von Ihnen als Kunde (Bestellung) und<br>dessen Annahme durch uns zustande. Unmittelbar nach dem Abschluss des Bestellvorgangs erhalten<br>Sie per E-Mail eine Bestellbest\u00e4tigung \u00fcber den Eingang der Bestellung bei uns. Die<br>Bestellbest\u00e4tigung bedeutet nicht die Annahme der Bestellung.<\/p><p><br><strong>Lieferung und Versandkosten je Bestellung<\/strong><\/p><p>Lieferungen sind grunds\u00e4tzlich nur innerhalb \u00d6sterreichs m\u00f6glich. Die Ausgabe erfolgt in<br>handels\u00fcblichen Mengen.<\/p><p>Die Lieferzeit ist von der Verf\u00fcgbarkeit der Ware abh\u00e4ngig und wird daher im Rahmen des Bestellprozesses f\u00fcr den jeweiligen Artikel einzeln ausgewiesen.<\/p><p><br><strong>G\u00fcltigkeit der Preise<\/strong><\/p><p>Die in der Pr\u00e4sentation von Waren ausgewiesenen Preise sind in Euro angegebene Bruttopreise,<br>daher einschlie\u00dflich der Umsatzsteuer, jedoch zuz\u00fcglich Versandkosten. Die H\u00f6he der Versandkosten werden individuell nach Lieferadresse und Paketvolumen berechnet. Die entg\u00fcltigen Lieferkosten werden Ihnen beim Bezahlvorgang aufgelistet. Es gelten die Preise zum Zeitpunkt der Bestellung.<\/p><p><br><strong>Zahlungsm\u00f6glichkeiten<\/strong><\/p><p><br>Die Zahlung bei Lieferungen innerhalb \u00d6sterreichs erfolgt auf Rechnung oder mittels Vorauskasse. Zu viel bezahlte Betr\u00e4ge und Gutschriften aus R\u00fccksendung werden gem\u00e4\u00df der bei der Zahlung gew\u00e4hlten Zahlungsvarianten zur\u00fcckgebucht bzw. gutgeschrieben.<br><\/p><p><strong>Zahlung per Bestellbest\u00e4tigung<\/strong><\/p><p>Zur Absicherung behalten wir uns vor, die Lieferung der Ware von einer Vorauskasse abh\u00e4ngig zu machen. Zahlungsdetails werden Ihnen per E-Mail nach erfolgreicher Bestellung zugesendet. Sobald Ihre Zahlung verbucht wurde, werden lieferbare Artikel innerhalb der in der Produktbeschreibung angegebenen Lieferzeiten versendet.<\/p><p><br>Der Rechnungsbetrag ist, sofern in der Bestellbest\u00e4tigung nicht anders angegeben, innerhalb von sieben Kalendertagen ab Erhalt dieser ohne Abzug f\u00e4llig. Wir behalten uns das Recht vor, die Lieferung der Ware von der Bezahlung abh\u00e4ngig zu machen und die Ware erst nach Zahlungseingang des f\u00e4lligen Betrages auszuliefern.<\/p><p><br><strong>Eigentumsvorbehalt<\/strong><\/p><p>Die Ware bleibt bis zum Erhalt der Ware und Bezhalung durch den Kunden unser Eigentum.<\/p><p><br><strong>Elektronische Kommunikation<\/strong><\/p><p>Als Kommunikationsmittel zwischen Ihnen und CByte IT Solution\u00a0wird die elektronische Form (E-Mail) vereinbart. Sollte sich Ihre E-Mailadresse \u00e4ndern, sind Sie zur unverz\u00fcglichen Mitteilung verpflichtet. Erfolgt diese Mitteilung nicht, gelten Erkl\u00e4rungen unsererseits als zugegangen, sofern diese an die zuletzt bekannte E-Mailadresse gesendet wurde.<\/p><p><br><strong>Bildrechte<\/strong><\/p><p>Alle Bildrechte liegen bei uns bzw. bei unseren Partnern. Eine auch nur auszugsweise Verwendung von Bildern auf unserer Website oder unserem Werbematerial ohne eine ausdr\u00fcckliche Zustimmung des Inhabers ist nicht gestattet.<\/p><p><br><strong>Gew\u00e4hrleistung<\/strong><\/p><p>Ihre Gew\u00e4hrleistungsanspr\u00fcche richten sich nach den gesetzlichen Bestimmungen. Die gesetzliche Gew\u00e4hrleistungsfrist betr\u00e4gt 24 Monate ab Erhalt der Ware. Anspr\u00fcche aus von Dritten abgegebene Garantien oder anderen Zusicherungen bleiben davon unber\u00fchrt.<\/p><p><br><strong>Beschwerdeverfahren<\/strong><\/p><p>Die EU-Kommission bietet die M\u00f6glichkeit zur Online-Streitbeilegung auf einer von ihr betriebenen Online-Plattform. Diese Plattform ist \u00fcber den externen Link&nbsp;<a><\/a><a href=\"https:\/\/www.ec.europa.eu\/%20\"><em>https:\/\/www.ec.europa.eu<\/em>\/<\/a>&nbsp;zu erreichen. Wir sind nicht verpflichtet und nicht gewillt, an Streitbeilegungsverfahren vor einer Verbraucherschlichtungsstelle teil zu nehmen.<\/p><p><br><strong>Anwendbares Recht<\/strong><\/p><p>F\u00fcr s\u00e4mtliche Rechtsgesch\u00e4fte wird die Anwendung des \u00f6sterreichischen Rechts unter Ausschluss des Internationalen Privatrechts und des UN-Kaufrechts (\u00dcbereinkommen der Vereinten Nationen \u00fcber Vertr\u00e4ge \u00fcber den internationalen Warenkauf) vereinbart. Bei Verbrauchern gilt diese Rechtswahl nur insoweit, als zwingende Bestimmungen des Rechts des Staates, in dem sie ihren gew\u00f6hnlichen Aufenthalt haben, nicht verdr\u00e4ngt werden.<\/p><p><br><strong>Gerichtstand<\/strong><\/p><p>Sofern ein Kunde Konsument im Sinne des Konsumentenschutzgesetzes (KSchG) ist, ist f\u00fcr Klagen von\u00a0CByte IT Solution gegen den Kunden jenes Gericht zust\u00e4ndig, in dessen Sprengel der Wohnsitz, der gew\u00f6hnliche Aufenthalt oder der Ort der Besch\u00e4ftigung des Kunden in \u00d6sterreich liegt; Klagen des Kunden gegen\u00a0CByte IT Solution\u00a0sind an jedem gesetzlich vorgesehenen Gerichtsstand m\u00f6glich.<\/p><p>Der f\u00fcr Klagen eines Verbrauchers oder gegen einen Verbraucher bei Vertragsabschluss mit\u00a0CByte IT Solution gegebene allgemeine Gerichtsstand in \u00d6sterreich bleibt auch dann erhalten, wenn der Verbraucher nach Vertragsabschluss seinen Wohnsitz ins Ausland verlegt und \u00f6sterreichische gerichtliche Entscheidungen in diesem Land vollstreckbar sind.<\/p><p>Ist der Kunde kein Konsument im Sinne des KSchG wird das sachlich zust\u00e4ndige Gericht am Firmenstandort von\u00a0CByte IT Solution als Gerichtsstand vereinbart.<\/p><p><br><strong>Anbieterkennzeichnung<\/strong><\/p><p>Firmenwortlaut:\u00a0CByte IT Solution<br>Anschrift\/Firmensitz:\u00a0Felderstrasse 2a, 6844 Altach<\/p><p><br><strong>Haftungsausschluss<\/strong><\/p><p>Unten angef\u00fchrte Punkte sind zwingend zu beachtende Hinweise. Wir \u00fcbernehmen keine Haftung, sollten unsere Produkte anders als f\u00fcr den von uns vorgesehenen Zweck verwendet oder eingesetzt werden.<\/p><ul class=\"wp-block-list\"><li>Direkter Kontakt mit Wasser ist zu vermeiden.<\/li>\n\n<li>Direkte Sonneneinstrahlung ist zu vermeiden.<\/li>\n\n<li>Eine Luftfeuchtigkeit von \u00fcber 80% ist zu vermeiden.<\/li>\n\n<li>L\u00fcftungsschlitze der Produkte d\u00fcrfen keinesfalls verdeckt oder die Funktion dieser in irgendeiner Weise eingeschr\u00e4nkt werden.<\/li>\n\n<li>Der Gebrauch ist ausschlie\u00dflich in geschlossenen R\u00e4umen bei Raumtemperatur zul\u00e4ssig.<\/li>\n\n<li>Produkte d\u00fcrfen ausschlie\u00dflich mit dem mitgeliefertem Zubeh\u00f6r verwendet werden.<\/li>\n\n<li>Besch\u00e4digte oder defekte Produkte d\u00fcrfen keinesfalls in Betrieb genommen werden.<\/li>\n\n<li>Wir haften nur f\u00fcr Sch\u00e4den, die&nbsp;wir grob fahrl\u00e4ssig oder vors\u00e4tzlich verursacht haben, gleichg\u00fcltig, ob es sich um unmittelbare oder mittelbare Sch\u00e4den, Mangelfolgesch\u00e4den wie insbesondere Aus- und Einbaukosten oder entgangenen Gewinn handelt.<\/li>\n\n<li>Der SMARTI ist nur f\u00fcr die in der Produktbeschreibung zum Zeitpunkt des Kaufes erw\u00e4hnten SmartMeter geeignet.<\/li>\n\n<li>Der Gebrauchsanweisung und Produktinformation sind Folge zu leisten<\/li><\/ul>","protected":false},"excerpt":{"rendered":"<p>Alle wichtigen Informationen finden Sie in unseren allgemeinen Gesch\u00e4ftsbedingungen.Stand: 07.01.2024 Geltungsbereich Die nachfolgenden Allgemeinen Gesch\u00e4ftsbedingungen\u00a0(\u201eAGB\u201c)\u00a0gelten bei jeder schriftlichen,telefonischen und Online-Bestellung auf\u00a0dem SMARTI Shop von CBYte IT Solution\u00a0in der zum Zeitpunkt der Bestellung abrufbaren Fassung. Alle Angebote und Aktionen im Online-Shop gelten nur solange der Vorrat reicht. Wir bitten um Verst\u00e4ndnis, dass die Abgabe nur in [&hellip;]<\/p>\n","protected":false},"author":3,"featured_media":0,"parent":0,"menu_order":5,"comment_status":"closed","ping_status":"closed","template":"","meta":{"footnotes":""},"class_list":["post-17","page","type-page","status-publish","hentry"],"jetpack_sharing_enabled":true,"_links":{"self":[{"href":"https:\/\/www.cbyte.at\/SMARTI-SHOP\/index.php?rest_route=\/wp\/v2\/pages\/17","targetHints":{"allow":["GET"]}}],"collection":[{"href":"https:\/\/www.cbyte.at\/SMARTI-SHOP\/index.php?rest_route=\/wp\/v2\/pages"}],"about":[{"href":"https:\/\/www.cbyte.at\/SMARTI-SHOP\/index.php?rest_route=\/wp\/v2\/types\/page"}],"author":[{"embeddable":true,"href":"https:\/\/www.cbyte.at\/SMARTI-SHOP\/index.php?rest_route=\/wp\/v2\/users\/3"}],"replies":[{"embeddable":true,"href":"https:\/\/www.cbyte.at\/SMARTI-SHOP\/index.php?rest_route=%2Fwp%2Fv2%2Fcomments&post=17"}],"version-history":[{"count":1,"href":"https:\/\/www.cbyte.at\/SMARTI-SHOP\/index.php?rest_route=\/wp\/v2\/pages\/17\/revisions"}],"predecessor-version":[{"id":39,"href":"https:\/\/www.cbyte.at\/SMARTI-SHOP\/index.php?rest_route=\/wp\/v2\/pages\/17\/revisions\/39"}],"wp:attachment":[{"href":"https:\/\/www.cbyte.at\/SMARTI-SHOP\/index.php?rest_route=%2Fwp%2Fv2%2Fmedia&parent=17"}],"curies":[{"name":"wp","href":"https:\/\/api.w.org\/{rel}","templated":true}]}}