{"id":18,"date":"2024-02-07T14:04:49","date_gmt":"2024-02-07T13:04:49","guid":{"rendered":""},"modified":"2024-02-07T20:42:41","modified_gmt":"2024-02-07T19:42:41","slug":"widerrufsbelehrung","status":"publish","type":"page","link":"https:\/\/www.cbyte.at\/SMARTI-SHOP\/?page_id=18","title":{"rendered":"Widerrufsbelehrung"},"content":{"rendered":"<p><strong>\u00dcberblick<\/strong><br>Unsere R\u00fcckerstattungs- und R\u00fcckgaberichtlinie gilt f\u00fcr 14 Tage. Wenn seit Ihrem Kauf 14 Tage vergangen sind, k\u00f6nnen wir Ihnen keine vollst\u00e4ndige R\u00fcckerstattung oder Umtausch anbieten.<br>Um f\u00fcr eine R\u00fccksendung in Frage zu kommen, muss Ihr Artikel unbenutzt und in demselben Zustand sein, in dem Sie ihn erhalten haben. Es muss sich auch in der Originalverpackung befinden.<br>Um eine R\u00fccksendung abzuschlie\u00dfen, ben\u00f6tigen wir die entprechenden Rechnung zum Produkt.<br>Um von Ihrem Widerrufsrecht Gebrauch zu machen, bitten wir Sie uns \u00fcber das\u00a0Kontaktfomular\u00a0unter Angabe Ihrer Bestellnummer zu kontaktieren.<\/p><p>Es gibt bestimmte Situationen, in denen nur teilweise R\u00fcckerstattungen gew\u00e4hrt werden:<br>         &#8211; Jeder Artikel, der sich nicht im Originalzustand befindet, besch\u00e4digt ist oder Teile fehlen, aus Gr\u00fcnden, die nicht  <br>            auf unseren Fehler zur\u00fcckzuf\u00fchren sind.<br>         &#8211; Alle Artikel, die mehr als 14 Tage nach Lieferung zur\u00fcckgesandt werden<\/p><p><strong>R\u00fcckerstattungen<\/strong><br>Sobald Ihre R\u00fccksendung eingegangen und gepr\u00fcft ist, senden wir Ihnen eine E-Mail, um Sie dar\u00fcber zu informieren, dass wir Ihre R\u00fccksendung erhalten haben. Wir werden Sie auch \u00fcber die Genehmigung oder Ablehnung Ihrer R\u00fcckerstattung informieren.<br>Wenn sie genehmigt wird, wird Ihre R\u00fcckerstattung bearbeitet und binnen vierzehn Tagen auf Ihre urspr\u00fcngliche Zahlungsart r\u00fcckerstattet.<\/p><p><strong>Versp\u00e4tete oder fehlende R\u00fcckerstattungen<\/strong><br>Wenn Sie noch keine R\u00fcckerstattung erhalten haben, \u00fcberpr\u00fcfen Sie zun\u00e4chst erneut Ihr Bankkonto.<br>Wenden Sie sich dann an Ihr Kreditkartenunternehmen. Es kann einige Zeit dauern, bis Ihre R\u00fcckerstattung offiziell gebucht wird.<br>Wenden Sie sich als n\u00e4chstes an Ihre Bank. Es gibt oft eine gewisse Bearbeitungszeit, bevor eine R\u00fcckerstattung gebucht wird.<br>Wenn Sie dies alles getan haben und Ihre R\u00fcckerstattung noch nicht erhalten haben, kontaktieren Sie uns bitte \u00fcber das Kontaktformular.<\/p><p><strong>Austausch\u00a0\/ Umtausch<\/strong><br>Wir ersetzen Artikel nur, wenn sie defekt oder besch\u00e4digt sind und kein Eigenverschulden vorliegt. <\/p><p><strong>R\u00fcckversand<\/strong><br>Die Versandkosten f\u00fcr die R\u00fccksendung Ihres Artikels m\u00fcssen selbst beglichen werden. Versandkosten sind nicht erstattungsf\u00e4hig. Wenn Sie eine R\u00fcckerstattung erhalten, werden die Kosten f\u00fcr den Versand von Ihrer R\u00fcckerstattung abgezogen.<\/p><p>Abh\u00e4ngig von Ihrem Wohnort kann es unterschiedlich lange dauern, bis Ihr umgetauschtes Produkt Sie erreicht.<\/p><p><strong>Brauchen Sie Hilfe?<\/strong><br>Kontaktieren Sie uns wenn Sie Fragen zu R\u00fcckerstattungen und R\u00fccksendungen haben.<\/p>","protected":false},"excerpt":{"rendered":"<p>\u00dcberblickUnsere R\u00fcckerstattungs- und R\u00fcckgaberichtlinie gilt f\u00fcr 14 Tage. Wenn seit Ihrem Kauf 14 Tage vergangen sind, k\u00f6nnen wir Ihnen keine vollst\u00e4ndige R\u00fcckerstattung oder Umtausch anbieten.Um f\u00fcr eine R\u00fccksendung in Frage zu kommen, muss Ihr Artikel unbenutzt und in demselben Zustand sein, in dem Sie ihn erhalten haben. Es muss sich auch in der Originalverpackung befinden.Um [&hellip;]<\/p>\n","protected":false},"author":3,"featured_media":0,"parent":0,"menu_order":4,"comment_status":"closed","ping_status":"closed","template":"","meta":{"footnotes":""},"class_list":["post-18","page","type-page","status-publish","hentry"],"jetpack_sharing_enabled":true,"_links":{"self":[{"href":"https:\/\/www.cbyte.at\/SMARTI-SHOP\/index.php?rest_route=\/wp\/v2\/pages\/18","targetHints":{"allow":["GET"]}}],"collection":[{"href":"https:\/\/www.cbyte.at\/SMARTI-SHOP\/index.php?rest_route=\/wp\/v2\/pages"}],"about":[{"href":"https:\/\/www.cbyte.at\/SMARTI-SHOP\/index.php?rest_route=\/wp\/v2\/types\/page"}],"author":[{"embeddable":true,"href":"https:\/\/www.cbyte.at\/SMARTI-SHOP\/index.php?rest_route=\/wp\/v2\/users\/3"}],"replies":[{"embeddable":true,"href":"https:\/\/www.cbyte.at\/SMARTI-SHOP\/index.php?rest_route=%2Fwp%2Fv2%2Fcomments&post=18"}],"version-history":[{"count":2,"href":"https:\/\/www.cbyte.at\/SMARTI-SHOP\/index.php?rest_route=\/wp\/v2\/pages\/18\/revisions"}],"predecessor-version":[{"id":77,"href":"https:\/\/www.cbyte.at\/SMARTI-SHOP\/index.php?rest_route=\/wp\/v2\/pages\/18\/revisions\/77"}],"wp:attachment":[{"href":"https:\/\/www.cbyte.at\/SMARTI-SHOP\/index.php?rest_route=%2Fwp%2Fv2%2Fmedia&parent=18"}],"curies":[{"name":"wp","href":"https:\/\/api.w.org\/{rel}","templated":true}]}}