{"id":25,"date":"2024-02-07T17:50:09","date_gmt":"2024-02-07T16:50:09","guid":{"rendered":"https:\/\/www.cbyte.at\/SMARTI-SHOP\/?post_type=product&#038;p=25"},"modified":"2026-02-06T16:08:21","modified_gmt":"2026-02-06T15:08:21","slug":"smarti-s3","status":"publish","type":"product","link":"https:\/\/www.cbyte.at\/SMARTI-SHOP\/?product=smarti-s3","title":{"rendered":"SMARTI S3"},"content":{"rendered":"<p>SMARTI S3 &#8211; WLAN SMART Meter Interface<\/p>\n<p><strong>NEU mit USB-C Anschluss<\/strong> f\u00fcr externe Stromversorgung als alternative zu SMARTI LAN f\u00fcr Z\u00e4hler wie Sagemcom T210-D oder Landis + Gyr E570<\/p>\n<p>Smartmeter Auslesemodul f\u00fcr g\u00e4ngige \u00d6sterreichische Smartmeter \u00fcber die HAN Schnittstelle.<br \/>\nDie Entschl\u00fcsselung der SmartMeter Daten finden auf dem SMARTI statt und die Daten k\u00f6nnen \u00fcber g\u00e4ngige Protokolle an 3. Systeme weitergereicht werden.<br \/>\nDer pers\u00f6nliche Z\u00e4hlerschl\u00fcssel, der f\u00fcr die Entschl\u00fcsselung der Daten notwendig ist, muss vom Stromnetzbetreiber vorhanden sein und die HAN Schnittstelle muss aktiviert sein.<br \/>\nIm Bereich wo der SMARTI installiert wird (Z\u00e4hlerkasten) muss ein WLAN Empfang vorhanden sein.<br \/>\nDer SMARTI S3 ben\u00f6tigt keine zus\u00e4tzliche Spannungsversorgung. Der Anschluss und die Spannungsversorgung f\u00fcr den SMARTI erfolgt direkt \u00fcber RJ11 HAN Schnittstelle beim SmartMeter. Der SMARTI wir mit einem Kabel von 3m L\u00e4nge geliefert.<\/p>\n<p>Die Konfiguration erfolgt komfortabel \u00fcber das im Apple oder Google App Store erh\u00e4ltliche APP SMARTI Config.<\/p>\n<p>Technische Daten:<\/p>\n<ul>\n<li>WLAN Sensor<\/li>\n<li>Protokolle \/ Schnittstellen: MQTT, UDP, Modbus Server, REST API<\/li>\n<li>Integrationen | Librarys vorhand f\u00fcr: Loxoen, HomeAssistant, Gira HomeAssistant, Technische Alternative (C.M.I.)<\/li>\n<li>Konfiguration \u00fcber Android APP, iOS APP, REST API<\/li>\n<li>Firmware Update \u00fcber OTA oder lokalen WebServer<\/li>\n<\/ul>\n<p>Der SMARTI S3 ist mit folgenden SmartMeter kompatibel:<\/p>\n<ul>\n<li>KAIFA MA309M<\/li>\n<li>Honeywell DM515<\/li>\n<li>Sagemcom T210-D<\/li>\n<li>Landis + Gyr E570<\/li>\n<\/ul>\n<p>Folgende Z\u00e4hlerdaten k\u00f6nnen mit den zugeh\u00f6rigen OBIS-Kennzahlen \u00fcbermittelt werden:<br \/>\n<strong>Der Umfang der gelieferten Messwerte ist von EVU abh\u00e4ngig!<\/strong><\/p>\n<ul>\n<li>1.0.32.7: Momentanspannung L1 [V]<\/li>\n<li>1.0.52.7: Momentanspannung L2 [V]<\/li>\n<li>1.0.72.7: Momentanspannung L3 [V]<\/li>\n<li>1.0.31.7: Momentanstrom L1 [A]<\/li>\n<li>1.0.52.7: Momentanstrom L2 [A]<\/li>\n<li>1.0.72.7: Momentanstrom L3 [A]<\/li>\n<li>1.0.1.7: Momentaner Leistungsbezug (gesamt) [W]<\/li>\n<li>1.0.2.7: Momentane Leistungseinspeisung (gesamt) [W]<\/li>\n<li>1.0.1.8: Z\u00e4hlerstand Bezug Wirkleistung [Wh] (je nach EVU)<\/li>\n<li>1.0.2.8: Z\u00e4hlerstand Einspeisung Wirkleistung [Wh] (je nach EVU)<\/li>\n<li>1.0.3.8: Z\u00e4hlerstand Bezug Blindleistung [Wh] (je nach EVU)<\/li>\n<li>1.0.4.8: Z\u00e4hlerstand Einspeisung Blindleistung [Wh] (je nach EVU)<\/li>\n<li>1.0.13.7: Leistungsfaktor (je nach EVU)<\/li>\n<\/ul>\n<p><strong>\u00a0<\/strong><\/p>\n<p><strong>Bitte \u00fcberpr\u00fcfen Sie vor der Bestellung den bei Ihnen verbauten Smartmetertyp.<br \/>\n<\/strong>Nachdem es den Stromnetzbetreibern freisteht den Z\u00e4hlertyp, die Schnittstelle sowie das Protokoll jederzeit zu \u00e4ndern, kann nicht gew\u00e4hrleistet werden, dass der SMARTI mit einem anderen Smartmeter als aufgelistet funktioniert. Auf eventuelle \u00c4nderungen im Protokoll der EVU&#8217;s kann \u00fcber eine Firmwareupdates reagiert werden. Ist beim SMARTI die Funktion f\u00fcr die Kommunikation mit dem Updateserver freigegeben, werden diese Updates ggf. automatisch eingespielt.<\/p>\n<p>&nbsp;<\/p>\n","protected":false},"excerpt":{"rendered":"<p>SMARTI S3 &#8211; WLAN SMART Meter Interface<\/p>\n<p><a href=\"https:\/\/www.cbyte.at\/SMARTI-SHOP\/wp-content\/uploads\/2024\/02\/SMARTI-Handbuch.pdf\">SMARTI Handbuch<\/a><\/p>\n<p>&nbsp;<\/p>\n","protected":false},"featured_media":26,"comment_status":"open","ping_status":"closed","template":"","meta":[],"product_cat":[35],"product_tag":[38,37,39],"class_list":{"0":"post-25","1":"product","2":"type-product","3":"status-publish","4":"has-post-thumbnail","6":"product_cat-smartiinterface","7":"product_tag-smarti","8":"product_tag-smarti-s3","9":"product_tag-wlan","11":"first","12":"instock","13":"taxable","14":"shipping-taxable","15":"purchasable","16":"product-type-simple"},"jetpack_sharing_enabled":true,"_links":{"self":[{"href":"https:\/\/www.cbyte.at\/SMARTI-SHOP\/index.php?rest_route=\/wp\/v2\/product\/25","targetHints":{"allow":["GET"]}}],"collection":[{"href":"https:\/\/www.cbyte.at\/SMARTI-SHOP\/index.php?rest_route=\/wp\/v2\/product"}],"about":[{"href":"https:\/\/www.cbyte.at\/SMARTI-SHOP\/index.php?rest_route=\/wp\/v2\/types\/product"}],"replies":[{"embeddable":true,"href":"https:\/\/www.cbyte.at\/SMARTI-SHOP\/index.php?rest_route=%2Fwp%2Fv2%2Fcomments&post=25"}],"wp:featuredmedia":[{"embeddable":true,"href":"https:\/\/www.cbyte.at\/SMARTI-SHOP\/index.php?rest_route=\/wp\/v2\/media\/26"}],"wp:attachment":[{"href":"https:\/\/www.cbyte.at\/SMARTI-SHOP\/index.php?rest_route=%2Fwp%2Fv2%2Fmedia&parent=25"}],"wp:term":[{"taxonomy":"product_cat","embeddable":true,"href":"https:\/\/www.cbyte.at\/SMARTI-SHOP\/index.php?rest_route=%2Fwp%2Fv2%2Fproduct_cat&post=25"},{"taxonomy":"product_tag","embeddable":true,"href":"https:\/\/www.cbyte.at\/SMARTI-SHOP\/index.php?rest_route=%2Fwp%2Fv2%2Fproduct_tag&post=25"}],"curies":[{"name":"wp","href":"https:\/\/api.w.org\/{rel}","templated":true}]}}