{"id":46,"date":"2024-02-07T18:28:42","date_gmt":"2024-02-07T17:28:42","guid":{"rendered":"https:\/\/www.cbyte.at\/SMARTI-SHOP\/?post_type=product&#038;p=46"},"modified":"2026-02-06T16:12:44","modified_gmt":"2026-02-06T15:12:44","slug":"smarti-lan","status":"publish","type":"product","link":"https:\/\/www.cbyte.at\/SMARTI-SHOP\/?product=smarti-lan","title":{"rendered":"SMARTI LAN"},"content":{"rendered":"<p>SMARTI LAN &#8211; LAN und WLAN SMART Meter Interface<\/p>\n<p>Smartmeter Auslesemodul f\u00fcr g\u00e4ngige \u00d6sterreichische Smartmeter \u00fcber die HAN Schnittstelle.<br \/>\nDie Entschl\u00fcsselung der SmartMeter Daten finden auf dem SMARTI statt und die Daten k\u00f6nnen \u00fcber g\u00e4ngige Protokolle an 3. Systeme weitergereicht werden.<br \/>\nDer pers\u00f6nliche Z\u00e4hlerschl\u00fcssel, der f\u00fcr die Entschl\u00fcsselung der Daten notwendig ist, muss vom Stromnetzbetreiber vorhanden sein und die HAN Schnittstelle muss aktiviert sein.<br \/>\nIm Bereich wo der SMARTI installiert wird (Z\u00e4hlerkasten) muss ein Lan Anschluss oder WLAN Empfang vorhanden sein.<br \/>\nDer SMARTI LAN ben\u00f6tigt eine zus\u00e4tzliche externe 5V\/DC Spannungsversorgung elche nicht im Lieferumfang inkludiert ist. Der Anschluss mit dem dem SmartMeter erfolgt \u00fcber ein beigelegetes 3m Verbinungskabel direkt \u00fcber die RJ11 HAN Schnittstelle beim SmartMeter.<br \/>\nDer SMARTI LAN kann direkt auf eine REG Schiene aufgeschnappt werden.<br \/>\nACHTUNG: Arbeiten im Verteiler d\u00fcrfen nur vom qualifizierten Fachpersonal vollzogen werden!<\/p>\n<p>Die Konfiguration erfolgt komfortabel \u00fcber das im Apple oder Google App Store erh\u00e4ltliche APP SMARTI Config.<\/p>\n<p>Technische Daten:<\/p>\n<ul>\n<li>LAN und WLAN Sensor<\/li>\n<li>Protokolle \/ Schnittstellen: MQTT, UDP, Modbus Server, REST API<\/li>\n<li>Integrationen | Librarys vorhand f\u00fcr: Loxoen, HomeAssistant, Gira HomeAssistant, Technische Alternative (C.M.I.)<\/li>\n<li>Konfiguration \u00fcber Android APP, iOS APP, REST API<\/li>\n<li>Firmware Update \u00fcber OTA oder lokalen WebServer<\/li>\n<\/ul>\n<p>Der SMARTI LAN ist mit folgenden SmartMeter kompatibel:<\/p>\n<ul>\n<li>KAIFA MA309M<\/li>\n<li>Honeywell DM515<\/li>\n<li>Sagemcom T210-D<\/li>\n<li>Landis + Gyr E570<\/li>\n<\/ul>\n<p>Folgende Z\u00e4hlerdaten k\u00f6nnen mit den zugeh\u00f6rigen OBIS-Kennzahlen \u00fcbermittelt werden:<br \/>\n<strong>Der Umfang der gelieferten Messwerte ist von EVU abh\u00e4ngig!<\/strong><\/p>\n<ul>\n<li>1.0.32.7: Momentanspannung L1 [V]<\/li>\n<li>1.0.52.7: Momentanspannung L2 [V]<\/li>\n<li>1.0.72.7: Momentanspannung L3 [V]<\/li>\n<li>1.0.31.7: Momentanstrom L1 [A]<\/li>\n<li>1.0.52.7: Momentanstrom L2 [A]<\/li>\n<li>1.0.72.7: Momentanstrom L3 [A]<\/li>\n<li>1.0.1.7: Momentaner Leistungsbezug (gesamt) [W]<\/li>\n<li>1.0.2.7: Momentane Leistungseinspeisung (gesamt) [W]<\/li>\n<li>1.0.1.8: Z\u00e4hlerstand Bezug Wirkleistung [Wh] (je nach EVU)<\/li>\n<li>1.0.2.8: Z\u00e4hlerstand Einspeisung Wirkleistung [Wh] (je nach EVU)<\/li>\n<li>1.0.3.8: Z\u00e4hlerstand Bezug Blindleistung [Wh] (je nach EVU)<\/li>\n<li>1.0.4.8: Z\u00e4hlerstand Einspeisung Blindleistung [Wh] (je nach EVU)<\/li>\n<li>1.0.13.7: Leistungsfaktor (je nach EVU)<\/li>\n<\/ul>\n<p><strong>Bitte \u00fcberpr\u00fcfen Sie vor der Bestellung den bei Ihnen verbauten Smartmetertyp.<br \/>\n<\/strong>Nachdem es den Stromnetzbetreibern freisteht den Z\u00e4hlertyp, die Schnittstelle sowie das Protokoll jederzeit zu \u00e4ndern, kann nicht gew\u00e4hrleistet werden, dass der SMARTI mit einem anderen Smartmeter als aufgelistet funktioniert. Auf eventuelle \u00c4nderungen im Protokoll der EVU&#8217;s kann \u00fcber eine Firmwareupdates reagiert werden. Ist beim SMARTI die Funktion f\u00fcr die Kommunikation mit dem Updateserver freigegeben, werden diese Updates ggf. automatisch eingespielt.<\/p>\n<p>&nbsp;<\/p>\n","protected":false},"excerpt":{"rendered":"<p>SMARTI LAN &#8211; LAN \/ WLAN SMART Meter Interface<\/p>\n<p><a href=\"https:\/\/www.cbyte.at\/SMARTI-SHOP\/wp-content\/uploads\/2024\/02\/SMARTI-Handbuch.pdf\">SMARTI Handbuch<\/a><\/p>\n<p>&nbsp;<\/p>\n<p>&nbsp;<\/p>\n","protected":false},"featured_media":47,"comment_status":"open","ping_status":"closed","template":"","meta":[],"product_cat":[35],"product_tag":[38,40,39],"class_list":{"0":"post-46","1":"product","2":"type-product","3":"status-publish","4":"has-post-thumbnail","6":"product_cat-smartiinterface","7":"product_tag-smarti","8":"product_tag-smarti-lan","9":"product_tag-wlan","11":"first","12":"instock","13":"taxable","14":"shipping-taxable","15":"purchasable","16":"product-type-simple"},"jetpack_sharing_enabled":true,"_links":{"self":[{"href":"https:\/\/www.cbyte.at\/SMARTI-SHOP\/index.php?rest_route=\/wp\/v2\/product\/46","targetHints":{"allow":["GET"]}}],"collection":[{"href":"https:\/\/www.cbyte.at\/SMARTI-SHOP\/index.php?rest_route=\/wp\/v2\/product"}],"about":[{"href":"https:\/\/www.cbyte.at\/SMARTI-SHOP\/index.php?rest_route=\/wp\/v2\/types\/product"}],"replies":[{"embeddable":true,"href":"https:\/\/www.cbyte.at\/SMARTI-SHOP\/index.php?rest_route=%2Fwp%2Fv2%2Fcomments&post=46"}],"wp:featuredmedia":[{"embeddable":true,"href":"https:\/\/www.cbyte.at\/SMARTI-SHOP\/index.php?rest_route=\/wp\/v2\/media\/47"}],"wp:attachment":[{"href":"https:\/\/www.cbyte.at\/SMARTI-SHOP\/index.php?rest_route=%2Fwp%2Fv2%2Fmedia&parent=46"}],"wp:term":[{"taxonomy":"product_cat","embeddable":true,"href":"https:\/\/www.cbyte.at\/SMARTI-SHOP\/index.php?rest_route=%2Fwp%2Fv2%2Fproduct_cat&post=46"},{"taxonomy":"product_tag","embeddable":true,"href":"https:\/\/www.cbyte.at\/SMARTI-SHOP\/index.php?rest_route=%2Fwp%2Fv2%2Fproduct_tag&post=46"}],"curies":[{"name":"wp","href":"https:\/\/api.w.org\/{rel}","templated":true}]}}